{"id":5995,"date":"2017-02-03T18:06:40","date_gmt":"2017-02-03T17:06:40","guid":{"rendered":"http:\/\/starfactory.fr\/?page_id=5995"},"modified":"2023-05-10T12:54:52","modified_gmt":"2023-05-10T10:54:52","slug":"mentions-legales","status":"publish","type":"page","link":"https:\/\/starfactory.fr\/mainsite\/mentions-legales\/","title":{"rendered":"MENTIONS LEGALES"},"content":{"rendered":"<div class=\"fusion-fullwidth fullwidth-box fusion-builder-row-1 nonhundred-percent-fullwidth non-hundred-percent-height-scrolling\" style=\"--awb-border-radius-top-left:0px;--awb-border-radius-top-right:0px;--awb-border-radius-bottom-right:0px;--awb-border-radius-bottom-left:0px;--awb-flex-wrap:wrap;\" ><div class=\"fusion-builder-row fusion-row\"><div class=\"fusion-layout-column fusion_builder_column fusion-builder-column-0 fusion_builder_column_1_2 1_2 fusion-one-half fusion-column-first\" style=\"--awb-bg-size:cover;width:50%;width:calc(50% - ( ( 4% ) * 0.5 ) );margin-right: 4%;\"><div class=\"fusion-column-wrapper fusion-flex-column-wrapper-legacy\"><div class=\"fusion-text fusion-text-1\"><p class=\"p3\"><strong><span class=\"s1\">STARFACTORY\u00a0est la propri\u00e9t\u00e9 de STARFACTORY SARL.<\/span><\/strong><\/p>\n<p class=\"p3\"><span class=\"s1\">L\u2019acc\u00e8s \u00e0 ce site implique l\u2019acceptation automatique et sans restriction des pr\u00e9sentes conditions g\u00e9n\u00e9rales d\u2019utilisation. Nous nous r\u00e9servons le droit de les modifier \u00e0 tout moment, aussi nous invitons les utilisateurs \u00e0 s\u2019y reporter tr\u00e8s r\u00e9guli\u00e8rement. Les pr\u00e9sentes conditions constituent la totalit\u00e9 des accords entre nous et l\u2019utilisateur. Toute modification ou contenu suppl\u00e9mentaire qui seront int\u00e9gr\u00e9s sur ce site seront soumis aux pr\u00e9sentes conditions. Certains services, rubriques font l\u2019objet de conditions additionnelles sp\u00e9cifiques.<\/span><\/p>\n<p class=\"p4\"><span class=\"s1\"><b>Acc\u00e8s au site<\/b><\/span><\/p>\n<p class=\"p3\"><span class=\"s1\">\u00c0 l\u2019exception du co\u00fbt de connexion, l\u2019acc\u00e8s au contenu de ce site est gratuit. Nous nous r\u00e9servons le droit, \u00e0 tout moment de modifier, interrompre temporairement ou de mani\u00e8re d\u00e9finitive tout ou partie de ce site et ce sans informer l\u2019utilisateur au pr\u00e9alable. Aucune responsabilit\u00e9 de ce fait ne pourra \u00eatre encourue par STARFACTORY.<\/span><\/p>\n<p class=\"p4\"><span class=\"s1\"><b>Conditions d\u2019acc\u00e8s au site web<\/b><\/span><\/p>\n<p class=\"p3\"><span class=\"s1\">L\u2019utilisateur du site web reconna\u00eet disposer de la comp\u00e9tence et des moyens n\u00e9cessaires pour acc\u00e9der et utiliser ce site.\u00a0<\/span><span class=\"s1\">L\u2019utilisateur du site web reconna\u00eet avoir v\u00e9rifi\u00e9 que la configuration informatique utilis\u00e9e ne contient aucun virus et qu\u2019elle est en parfait \u00e9tat de fonctionnement.\u00a0<\/span><span class=\"s1\">L\u2019utilisateur reconna\u00eet \u00e9galement avoir pris connaissance de la pr\u00e9sente notice l\u00e9gale et s\u2019engage \u00e0 la respecter.\u00a0<\/span><span class=\"s1\">Les informations fournies par l\u2019exploitant du site web le sont \u00e0 titre indicatif. L\u2019exploitant du site web ne saurait garantir l\u2019exactitude, la compl\u00e9tude, l\u2019actualit\u00e9 des informations diffus\u00e9es sur son site. En cons\u00e9quence, l\u2019utilisateur reconna\u00eet utiliser ces informations sous sa responsabilit\u00e9 exclusive.<\/span><\/p>\n<p class=\"p4\"><span class=\"s1\"><b>Limitation de responsabilit\u00e9<\/b><\/span><\/p>\n<p class=\"p3\"><span class=\"s1\">Les documents, informations et services diffus\u00e9s sur ce site sont fournis \u00ab\u00a0dans l\u2019\u00e9tat\u00a0\u00bb sans aucune garantie expresse ou tacite de quelque sorte que ce soit. STARFACTORY\u00a0se r\u00e9serve le droit de modifier ou de corriger le contenu de son site \u00e0 tout moment, sans pr\u00e9avis.\u00a0<\/span><span class=\"s1\">STARFACTORY\u00a0ne pourra \u00eatre tenu pour responsable en cas de contamination des mat\u00e9riels informatiques des internautes r\u00e9sultant de la propagation d\u2019un virus ou autres infections informatiques. Il appartient \u00e0 l\u2019utilisateur de ce site de prendre toutes les mesures appropri\u00e9es de fa\u00e7on \u00e0 prot\u00e9ger ses propres donn\u00e9es et\/ou logiciels de la contamination par des \u00e9ventuels virus circulant sur le r\u00e9seau Internet.\u00a0<\/span><span class=\"s1\">En aucun cas STARFACTORY, ses employ\u00e9s ou les tiers mentionn\u00e9s dans son site ne pourront \u00eatre tenus responsables, au titre d\u2019une action en responsabilit\u00e9 contractuelle, en responsabilit\u00e9 d\u00e9lictuelle ou de tout autre action, de tout dommage direct ou indirect, incident ou accessoire, ou de quelque nature qu\u2019il soit ou de tout pr\u00e9judice, notamment, de nature financier, r\u00e9sultant de l\u2019utilisation de son site ou d\u2019une quelconque information obtenue sur son site.\u00a0<\/span><span class=\"s1\">Le site www.starfactory.fr peut contenir des liens vers des sites partenaires ou de tiers. STARFACTORY n\u2019assure aucune responsabilit\u00e9 quant \u00e0 la disponibilit\u00e9 de ces sites, leur contenu, publicit\u00e9, produits et\/ou services disponibles sur ou \u00e0 partir de ces sites. Ainsi, STARFACTORY ne sera aucunement responsable des dommages directs ou indirects pouvant survenir \u00e0 l\u2019occasion de l\u2019acc\u00e8s de l\u2019internaute sur le site du partenaire ou de l\u2019utilisation de ce site, du non-respect des contenus et services \u00e0 toute r\u00e9glementation ou toute atteinte aux droits de tiers.<\/span><\/p>\n<p class=\"p4\">\n<\/div><div class=\"fusion-clearfix\"><\/div><\/div><\/div><div class=\"fusion-layout-column fusion_builder_column fusion-builder-column-1 fusion_builder_column_1_2 1_2 fusion-one-half fusion-column-last\" style=\"--awb-bg-size:cover;width:50%;width:calc(50% - ( ( 4% ) * 0.5 ) );\"><div class=\"fusion-column-wrapper fusion-flex-column-wrapper-legacy\"><div class=\"fusion-text fusion-text-2\"><p class=\"p4\"><span class=\"s1\"><b>Informations sur les produits et services<\/b><\/span><\/p>\n<p class=\"p3\"><span class=\"s1\">Les informations de ce site web peuvent contenir des inexactitudes techniques ou des erreurs typographiques. Ces informations peuvent \u00eatre modifi\u00e9es ou mises \u00e0 jour sans pr\u00e9avis. STARFACTORY peut \u00e9galement, \u00e0 tout moment et sans pr\u00e9avis, apporter des am\u00e9liorations et\/ou des modifications aux produits et\/ou services d\u00e9crits sur le site.\u00a0<\/span><span class=\"s1\">Toute information publi\u00e9e sur le site www.starfactory.fr peut contenir des r\u00e9f\u00e9rences directes ou indirectes \u00e0 des produits et services qui ne sont pas annonc\u00e9s ou disponibles dans votre pays.<\/span><\/p>\n<p class=\"p4\"><span class=\"s1\"><b>Liens Hypertextes<\/b><\/span><\/p>\n<p class=\"p3\"><span class=\"s1\">Les utilisateurs et visiteurs du site web ne peuvent mettre en place un hyperlien en direction de ce site sans l\u2019autorisation expresse et pr\u00e9alable de l\u2019exploitant du site web. Ils doivent adresser leur demande par courrier \u00e0 STARFACTORY &#8211; 9 Chemin du Jubin &#8211; 69570 DARDILLY- FRANCE.<\/span><\/p>\n<p class=\"p4\"><span class=\"s1\"><b>En cas de litige<\/b><\/span><\/p>\n<p class=\"p3\"><span class=\"s1\">Tout litige n\u00e9 ou \u00e0 na\u00eetre se rapportant aux pr\u00e9sentes infos l\u00e9gales, sera port\u00e9 devant les tribunaux de Lyon, sera r\u00e9gi et analys\u00e9 selon la l\u00e9gislation fran\u00e7aise ind\u00e9pendamment des r\u00e8gles de conflits de lois. L\u2019utilisation du site bowlssportsleague.com signifie votre accord express \u00e0 l\u2019application des pr\u00e9sentes clauses juridictionnelle. Dans le cas o\u00f9 l\u2019une des dispositions de ces infos l\u00e9gales serait jug\u00e9e ill\u00e9gale, nulle ou inapplicable pour quelque raison que ce soit, elle serait consid\u00e9r\u00e9e comme ne faisant pas partie de ces infos l\u00e9gales et n\u2019affecterait pas la validit\u00e9 ni l\u2019application des autres dispositions.<\/span><\/p>\n<p class=\"p4\"><span class=\"s1\"><b>Cr\u00e9dits :<\/b>\u00a0<\/span><span class=\"s2\">\u00a9 STARFACTORY<\/span><\/p>\n<p class=\"p4\"><span class=\"s1\"><b>Conception et cr\u00e9ation :\u00a0<\/b><a href=\"https:\/\/starfactory.fr\/mainsite\/creations\/\">STARFACTORY<\/a><\/span><\/p>\n<p class=\"p4\"><span class=\"s1\"><b>H\u00e9bergement\u00a0<\/b><\/span><span class=\"s2\">: OVH<\/span><\/p>\n<\/div><div class=\"fusion-clearfix\"><\/div><\/div><\/div><\/div><\/div>\n","protected":false},"excerpt":{"rendered":"","protected":false},"author":2,"featured_media":0,"parent":0,"menu_order":0,"comment_status":"closed","ping_status":"closed","template":"100-width.php","meta":{"content-type":"","footnotes":""},"class_list":["post-5995","page","type-page","status-publish","hentry"],"yoast_head":"<!-- This site is optimized with the Yoast SEO plugin v27.3 - https:\/\/yoast.com\/product\/yoast-seo-wordpress\/ -->\n<title>MENTIONS LEGALES - STARFACTORY - Agence de Communication - Lyon<\/title>\n<meta name=\"description\" content=\"Mentions L\u00e9gales STARFACTORY... L\u2019acc\u00e8s \u00e0 ce site implique l\u2019acceptation automatique et sans restriction des pr\u00e9sentes conditions...\" \/>\n<meta name=\"robots\" content=\"index, follow, max-snippet:-1, max-image-preview:large, max-video-preview:-1\" \/>\n<link rel=\"canonical\" href=\"https:\/\/starfactory.fr\/mainsite\/mentions-legales\/\" \/>\n<meta property=\"og:locale\" content=\"fr_FR\" \/>\n<meta property=\"og:type\" content=\"article\" \/>\n<meta property=\"og:title\" content=\"MENTIONS LEGALES - STARFACTORY - Agence de Communication - Lyon\" \/>\n<meta property=\"og:description\" content=\"Mentions L\u00e9gales STARFACTORY... L\u2019acc\u00e8s \u00e0 ce site implique l\u2019acceptation automatique et sans restriction des pr\u00e9sentes conditions...\" \/>\n<meta property=\"og:url\" content=\"https:\/\/starfactory.fr\/mainsite\/mentions-legales\/\" \/>\n<meta property=\"og:site_name\" content=\"STARFACTORY - Agence de Communication - Lyon\" \/>\n<meta property=\"article:publisher\" content=\"http:\/\/www.facebook.com\/starfactorycom\/\" \/>\n<meta property=\"article:modified_time\" content=\"2023-05-10T10:54:52+00:00\" \/>\n<meta property=\"og:image\" content=\"https:\/\/starfactory.fr\/mainsite\/wp-content\/uploads\/2017\/02\/STARFACTORY-Agence-Communication-Agency-Corporate-Digital-Identity-Product-Sport-Brand-Print-Edition-Service-Pro-Conseil-Creative-Graphic-Design-Logo-New-Website-Access-LogIn.png\" \/>\n\t<meta property=\"og:image:width\" content=\"354\" \/>\n\t<meta property=\"og:image:height\" content=\"167\" \/>\n\t<meta property=\"og:image:type\" content=\"image\/png\" \/>\n<meta name=\"twitter:card\" content=\"summary_large_image\" \/>\n<meta name=\"twitter:site\" content=\"@starfactorycom\" \/>\n<meta name=\"twitter:label1\" content=\"Dur\u00e9e de lecture estim\u00e9e\" \/>\n\t<meta name=\"twitter:data1\" content=\"5 minutes\" \/>\n<script type=\"application\/ld+json\" class=\"yoast-schema-graph\">{\"@context\":\"https:\\\/\\\/schema.org\",\"@graph\":[{\"@type\":\"WebPage\",\"@id\":\"https:\\\/\\\/starfactory.fr\\\/mainsite\\\/mentions-legales\\\/\",\"url\":\"https:\\\/\\\/starfactory.fr\\\/mainsite\\\/mentions-legales\\\/\",\"name\":\"MENTIONS LEGALES - STARFACTORY - Agence de Communication - Lyon\",\"isPartOf\":{\"@id\":\"https:\\\/\\\/starfactory.fr\\\/mainsite\\\/#website\"},\"datePublished\":\"2017-02-03T17:06:40+00:00\",\"dateModified\":\"2023-05-10T10:54:52+00:00\",\"description\":\"Mentions L\u00e9gales STARFACTORY... L\u2019acc\u00e8s \u00e0 ce site implique l\u2019acceptation automatique et sans restriction des pr\u00e9sentes conditions...\",\"breadcrumb\":{\"@id\":\"https:\\\/\\\/starfactory.fr\\\/mainsite\\\/mentions-legales\\\/#breadcrumb\"},\"inLanguage\":\"fr-FR\",\"potentialAction\":[{\"@type\":\"ReadAction\",\"target\":[\"https:\\\/\\\/starfactory.fr\\\/mainsite\\\/mentions-legales\\\/\"]}]},{\"@type\":\"BreadcrumbList\",\"@id\":\"https:\\\/\\\/starfactory.fr\\\/mainsite\\\/mentions-legales\\\/#breadcrumb\",\"itemListElement\":[{\"@type\":\"ListItem\",\"position\":1,\"name\":\"Accueil\",\"item\":\"https:\\\/\\\/starfactory.fr\\\/mainsite\\\/\"},{\"@type\":\"ListItem\",\"position\":2,\"name\":\"MENTIONS LEGALES\"}]},{\"@type\":\"WebSite\",\"@id\":\"https:\\\/\\\/starfactory.fr\\\/mainsite\\\/#website\",\"url\":\"https:\\\/\\\/starfactory.fr\\\/mainsite\\\/\",\"name\":\"STARFACTORY - Agence de Communication - Lyon\",\"description\":\"STARFACTORY soigne votre image de marque - Agence de communication creative et reactive - Brand Design &amp; Strategy\",\"publisher\":{\"@id\":\"https:\\\/\\\/starfactory.fr\\\/mainsite\\\/#organization\"},\"potentialAction\":[{\"@type\":\"SearchAction\",\"target\":{\"@type\":\"EntryPoint\",\"urlTemplate\":\"https:\\\/\\\/starfactory.fr\\\/mainsite\\\/?s={search_term_string}\"},\"query-input\":{\"@type\":\"PropertyValueSpecification\",\"valueRequired\":true,\"valueName\":\"search_term_string\"}}],\"inLanguage\":\"fr-FR\"},{\"@type\":\"Organization\",\"@id\":\"https:\\\/\\\/starfactory.fr\\\/mainsite\\\/#organization\",\"name\":\"STARFACTORY\",\"url\":\"https:\\\/\\\/starfactory.fr\\\/mainsite\\\/\",\"logo\":{\"@type\":\"ImageObject\",\"inLanguage\":\"fr-FR\",\"@id\":\"https:\\\/\\\/starfactory.fr\\\/mainsite\\\/#\\\/schema\\\/logo\\\/image\\\/\",\"url\":\"https:\\\/\\\/starfactory.fr\\\/mainsite\\\/wp-content\\\/uploads\\\/2017\\\/02\\\/STARFACTORY-Agence-Communication-Agency-Corporate-Digital-Identity-Product-Sport-Brand-Print-Edition-Service-Pro-Conseil-Creative-Graphic-Design-Logo-New-Website-Access-LogIn.png\",\"contentUrl\":\"https:\\\/\\\/starfactory.fr\\\/mainsite\\\/wp-content\\\/uploads\\\/2017\\\/02\\\/STARFACTORY-Agence-Communication-Agency-Corporate-Digital-Identity-Product-Sport-Brand-Print-Edition-Service-Pro-Conseil-Creative-Graphic-Design-Logo-New-Website-Access-LogIn.png\",\"width\":354,\"height\":167,\"caption\":\"STARFACTORY\"},\"image\":{\"@id\":\"https:\\\/\\\/starfactory.fr\\\/mainsite\\\/#\\\/schema\\\/logo\\\/image\\\/\"},\"sameAs\":[\"http:\\\/\\\/www.facebook.com\\\/starfactorycom\\\/\",\"https:\\\/\\\/x.com\\\/starfactorycom\",\"http:\\\/\\\/www.instagram.com\\\/starfactorycom\\\/\",\"https:\\\/\\\/www.linkedin.com\\\/company\\\/starfactorycom\"]}]}<\/script>\n<!-- \/ Yoast SEO plugin. -->","yoast_head_json":{"title":"MENTIONS LEGALES - STARFACTORY - Agence de Communication - Lyon","description":"Mentions L\u00e9gales STARFACTORY... L\u2019acc\u00e8s \u00e0 ce site implique l\u2019acceptation automatique et sans restriction des pr\u00e9sentes conditions...","robots":{"index":"index","follow":"follow","max-snippet":"max-snippet:-1","max-image-preview":"max-image-preview:large","max-video-preview":"max-video-preview:-1"},"canonical":"https:\/\/starfactory.fr\/mainsite\/mentions-legales\/","og_locale":"fr_FR","og_type":"article","og_title":"MENTIONS LEGALES - STARFACTORY - Agence de Communication - Lyon","og_description":"Mentions L\u00e9gales STARFACTORY... L\u2019acc\u00e8s \u00e0 ce site implique l\u2019acceptation automatique et sans restriction des pr\u00e9sentes conditions...","og_url":"https:\/\/starfactory.fr\/mainsite\/mentions-legales\/","og_site_name":"STARFACTORY - Agence de Communication - Lyon","article_publisher":"http:\/\/www.facebook.com\/starfactorycom\/","article_modified_time":"2023-05-10T10:54:52+00:00","og_image":[{"width":354,"height":167,"url":"https:\/\/starfactory.fr\/mainsite\/wp-content\/uploads\/2017\/02\/STARFACTORY-Agence-Communication-Agency-Corporate-Digital-Identity-Product-Sport-Brand-Print-Edition-Service-Pro-Conseil-Creative-Graphic-Design-Logo-New-Website-Access-LogIn.png","type":"image\/png"}],"twitter_card":"summary_large_image","twitter_site":"@starfactorycom","twitter_misc":{"Dur\u00e9e de lecture estim\u00e9e":"5 minutes"},"schema":{"@context":"https:\/\/schema.org","@graph":[{"@type":"WebPage","@id":"https:\/\/starfactory.fr\/mainsite\/mentions-legales\/","url":"https:\/\/starfactory.fr\/mainsite\/mentions-legales\/","name":"MENTIONS LEGALES - STARFACTORY - Agence de Communication - Lyon","isPartOf":{"@id":"https:\/\/starfactory.fr\/mainsite\/#website"},"datePublished":"2017-02-03T17:06:40+00:00","dateModified":"2023-05-10T10:54:52+00:00","description":"Mentions L\u00e9gales STARFACTORY... L\u2019acc\u00e8s \u00e0 ce site implique l\u2019acceptation automatique et sans restriction des pr\u00e9sentes conditions...","breadcrumb":{"@id":"https:\/\/starfactory.fr\/mainsite\/mentions-legales\/#breadcrumb"},"inLanguage":"fr-FR","potentialAction":[{"@type":"ReadAction","target":["https:\/\/starfactory.fr\/mainsite\/mentions-legales\/"]}]},{"@type":"BreadcrumbList","@id":"https:\/\/starfactory.fr\/mainsite\/mentions-legales\/#breadcrumb","itemListElement":[{"@type":"ListItem","position":1,"name":"Accueil","item":"https:\/\/starfactory.fr\/mainsite\/"},{"@type":"ListItem","position":2,"name":"MENTIONS LEGALES"}]},{"@type":"WebSite","@id":"https:\/\/starfactory.fr\/mainsite\/#website","url":"https:\/\/starfactory.fr\/mainsite\/","name":"STARFACTORY - Agence de Communication - Lyon","description":"STARFACTORY soigne votre image de marque - Agence de communication creative et reactive - Brand Design &amp; Strategy","publisher":{"@id":"https:\/\/starfactory.fr\/mainsite\/#organization"},"potentialAction":[{"@type":"SearchAction","target":{"@type":"EntryPoint","urlTemplate":"https:\/\/starfactory.fr\/mainsite\/?s={search_term_string}"},"query-input":{"@type":"PropertyValueSpecification","valueRequired":true,"valueName":"search_term_string"}}],"inLanguage":"fr-FR"},{"@type":"Organization","@id":"https:\/\/starfactory.fr\/mainsite\/#organization","name":"STARFACTORY","url":"https:\/\/starfactory.fr\/mainsite\/","logo":{"@type":"ImageObject","inLanguage":"fr-FR","@id":"https:\/\/starfactory.fr\/mainsite\/#\/schema\/logo\/image\/","url":"https:\/\/starfactory.fr\/mainsite\/wp-content\/uploads\/2017\/02\/STARFACTORY-Agence-Communication-Agency-Corporate-Digital-Identity-Product-Sport-Brand-Print-Edition-Service-Pro-Conseil-Creative-Graphic-Design-Logo-New-Website-Access-LogIn.png","contentUrl":"https:\/\/starfactory.fr\/mainsite\/wp-content\/uploads\/2017\/02\/STARFACTORY-Agence-Communication-Agency-Corporate-Digital-Identity-Product-Sport-Brand-Print-Edition-Service-Pro-Conseil-Creative-Graphic-Design-Logo-New-Website-Access-LogIn.png","width":354,"height":167,"caption":"STARFACTORY"},"image":{"@id":"https:\/\/starfactory.fr\/mainsite\/#\/schema\/logo\/image\/"},"sameAs":["http:\/\/www.facebook.com\/starfactorycom\/","https:\/\/x.com\/starfactorycom","http:\/\/www.instagram.com\/starfactorycom\/","https:\/\/www.linkedin.com\/company\/starfactorycom"]}]}},"_links":{"self":[{"href":"https:\/\/starfactory.fr\/mainsite\/wp-json\/wp\/v2\/pages\/5995","targetHints":{"allow":["GET"]}}],"collection":[{"href":"https:\/\/starfactory.fr\/mainsite\/wp-json\/wp\/v2\/pages"}],"about":[{"href":"https:\/\/starfactory.fr\/mainsite\/wp-json\/wp\/v2\/types\/page"}],"author":[{"embeddable":true,"href":"https:\/\/starfactory.fr\/mainsite\/wp-json\/wp\/v2\/users\/2"}],"replies":[{"embeddable":true,"href":"https:\/\/starfactory.fr\/mainsite\/wp-json\/wp\/v2\/comments?post=5995"}],"version-history":[{"count":2,"href":"https:\/\/starfactory.fr\/mainsite\/wp-json\/wp\/v2\/pages\/5995\/revisions"}],"predecessor-version":[{"id":9786,"href":"https:\/\/starfactory.fr\/mainsite\/wp-json\/wp\/v2\/pages\/5995\/revisions\/9786"}],"wp:attachment":[{"href":"https:\/\/starfactory.fr\/mainsite\/wp-json\/wp\/v2\/media?parent=5995"}],"curies":[{"name":"wp","href":"https:\/\/api.w.org\/{rel}","templated":true}]}}